{"id":24,"date":"2023-08-01T11:40:51","date_gmt":"2023-08-01T11:40:51","guid":{"rendered":"http:\/\/sientetemejor.es\/?page_id=24"},"modified":"2023-08-01T11:40:51","modified_gmt":"2023-08-01T11:40:51","slug":"home","status":"publish","type":"page","link":"https:\/\/sientetemejor.es\/","title":{"rendered":"Home"},"content":{"rendered":"<section class=\"hts-section hts-hero\">\n    <div class=\"hts-hero-spacer\"><\/div>\n    <div class=\"hts-hero-content\">\n        <div class=\"hts-hero-image\">\n            <img decoding=\"async\" src=\"https:\/\/images.unsplash.com\/photo-1449098437040-ffeaca82d9bc?crop=entropy\" alt=\"background\" \/>\n        <\/div>\n        <div class=\"hts-hero-block\">\n            <div class=\"hts-hero-body\">\n                <div class=\"hts-hero-details\">\n                    <div>\n                        <h1>Siente joven y capaz<\/h1>\n                        <p>Descubre c\u00f3mo mantenerte joven y en\u00e9rgico durante mucho m\u00e1s tiempo. Nuestros productos y servicios te ayudar\u00e1n a sentirte bien contigo mismo y enfrentar cada d\u00eda con vitalidad.<\/p>\n                        <a href=\"https:\/\/sientetemejor.es\/?page_id=11\" class=\"btn primary\" >Read more<\/a>\n                    <\/div>\n                    <div class=\"hts-hero-body-image\">\n                        <img decoding=\"async\" src=\"https:\/\/images.unsplash.com\/photo-1449098437040-ffeaca82d9bc?crop=entropy\" alt=\"background\" \/>\n                    <\/div>\n                    <div class=\"hts-hero-footer\">\n                        <div class=\"hts-social\">\n                                                                                                                                        <\/div>\n                        <p class=\"hts-title\">Vive la vida al m\u00e1ximo<\/p>\n                    <\/div>\n                <\/div>\n            <\/div>\n        <\/div>\n    <\/div>\n<\/section><section class=\"hts-section hts-no-border hts-posts hts-featured-post-wrapper\">\n    <div>\n                <div class=\"hts-posts-header\">\n            <h2 class=\"hts-title\">Featured post<\/h2>\n        <\/div>\n                <div class=\"hts-featured-post\">\n            <!-- Post -->\n            <div class=\"hts-post\">\n                <div class=\"hts-image-wrapper\">\n                                        <a href=\"https:\/\/sientetemejor.es\/?p=8\" class=\"hts-featured-post-link\">\n                        <img decoding=\"async\" src=\"https:\/\/images.unsplash.com\/photo-1549377817-b7dc30cfa176?crop=entropy\" title=\"Photo by Jonathan Borba\" alt=\"low-angle photography of transmission towers during golden hour\">                    <\/a>\n                                        <span class=\"hts-unsplash-data\">Photo by <a href=\"https:\/\/unsplash.com\/@jonathanborba?utm_source=hostinger&#038;utm_medium=referral\" rel=\"nofollow\">Jonathan Borba<\/a> on <a href=\"https:\/\/unsplash.com\/?utm_source=hostinger&#038;utm_medium=referral\" rel=\"nofollow\">Unsplash<\/a><\/span>                <\/div>\n                <div class=\"hts-post-details\">\n                    <div class=\"hts-posts-body-header\">\n                        <h2 class=\"hts-title\">Featured post<\/h2>\n                    <\/div>\n                    <div class=\"hts-capsules\">\n                                                                                                                        <a href=\"https:\/\/sientetemejor.es\/?cat=1\">\n                            <div>Blog<\/div>\n                        <\/a>\n                                                                                            <\/div>\n                                        <a href=\"https:\/\/sientetemejor.es\/?p=8\">\n                        <h3 class=\"hts-title\">Los secretos para sentirte joven y capaz durante mucho m\u00e1s tiempo<\/h3>\n                    <\/a>\n                                                            <p class=\"small\">August 1, 2023 | by sientetemejor.es<\/p>\n                                    <\/div>\n            <\/div>\n        <\/div>\n    <\/div>\n<\/section><section class=\"hts-section hts-posts\">\n    <hr class=\"full\">\n    <div>\n        <div class=\"hts-posts-header\">\n            <h2 class=\"hts-title\">Latest posts<\/h2>\n            <a href=\"https:\/\/sientetemejor.es\/?page_id=16\" class=\"hts-posts-action\">\n                <p>View all<\/p>\n                <img decoding=\"async\" src=\"https:\/\/sientetemejor.es\/wp-content\/themes\/hostinger-blog\/build\/images\/icon-arrow-right.svg\" alt=\"view all\">\n            <\/a>\n        <\/div>\n        <div class=\"hts-posts-list\">\n                        <div class=\"hts-post hts-large\">\n                                <div class=\"hts-image-wrapper\">\n                                        <a href=\"https:\/\/sientetemejor.es\/?p=29\" class=\"hts-featured-post-link\">\n                        <img decoding=\"async\" src=\"https:\/\/images.unsplash.com\/photo-1570764052255-c459483565b0?crop=entropy\" title=\"Photo by Carlos Mac\u00edas\" alt=\"smiling woman wearing blue denim jacket sitting on black concrete surface during daytime\">                    <\/a>\n                                        <span class=\"hts-unsplash-data\">Photo by <a href=\"https:\/\/unsplash.com\/@carlosm2514?utm_source=hostinger&#038;utm_medium=referral\" rel=\"nofollow\">Carlos Mac\u00edas<\/a> on <a href=\"https:\/\/unsplash.com\/?utm_source=hostinger&#038;utm_medium=referral\" rel=\"nofollow\">Unsplash<\/a><\/span>                <\/div>\n                <div class=\"hts-post-details\">\n                    <div class=\"hts-capsules\">\n                                                                                                                        <a href=\"https:\/\/sientetemejor.es\/?cat=1\">\n                            <div>Blog<\/div>\n                        <\/a>\n                                                                                            <\/div>\n                    <a href=\"https:\/\/sientetemejor.es\/?p=29\">\n                        <h3 class=\"hts-title\">C\u00f3mo sentirte joven y capaz durante mucho m\u00e1s tiempo<\/h3>\n                    <\/a>\n                                        <p class=\"small\">August 1, 2023 | by sientetemejor.es<\/p>\n                                    <\/div>\n            <\/div>\n                        <div class=\"hts-post \">\n                                <div class=\"hts-image-wrapper\">\n                                        <a href=\"https:\/\/sientetemejor.es\/?p=27\" class=\"hts-featured-post-link\">\n                        <img decoding=\"async\" src=\"https:\/\/images.unsplash.com\/photo-1566501206188-5dd0cf160a0e?crop=entropy\" title=\"Photo by Patrick Malleret\" alt=\"woman doing yoga pose sitting on wooden ground\">                    <\/a>\n                                        <span class=\"hts-unsplash-data\">Photo by <a href=\"https:\/\/unsplash.com\/@pmalleret?utm_source=hostinger&#038;utm_medium=referral\" rel=\"nofollow\">Patrick Malleret<\/a> on <a href=\"https:\/\/unsplash.com\/?utm_source=hostinger&#038;utm_medium=referral\" rel=\"nofollow\">Unsplash<\/a><\/span>                <\/div>\n                <div class=\"hts-post-details\">\n                    <div class=\"hts-capsules\">\n                                                                                                                        <a href=\"https:\/\/sientetemejor.es\/?cat=1\">\n                            <div>Blog<\/div>\n                        <\/a>\n                                                                                            <\/div>\n                    <a href=\"https:\/\/sientetemejor.es\/?p=27\">\n                        <h3 class=\"hts-title\">Descubre c\u00f3mo sentirte joven y capaz durante mucho m\u00e1s tiempo<\/h3>\n                    <\/a>\n                                        <p class=\"small\">August 1, 2023 | by sientetemejor.es<\/p>\n                                    <\/div>\n            <\/div>\n                        <div class=\"hts-post \">\n                                <div class=\"hts-image-wrapper\">\n                                        <a href=\"https:\/\/sientetemejor.es\/?p=17\" class=\"hts-featured-post-link\">\n                        <img decoding=\"async\" src=\"https:\/\/sientetemejor.es\/wp-content\/themes\/hostinger-blog\/build\/images\/placeholder2.jpg\"\n                            alt=\"featured\">\n                    <\/a>\n                                                        <\/div>\n                <div class=\"hts-post-details\">\n                    <div class=\"hts-capsules\">\n                                                                                                                        <a href=\"https:\/\/sientetemejor.es\/?cat=1\">\n                            <div>Blog<\/div>\n                        <\/a>\n                                                                                            <\/div>\n                    <a href=\"https:\/\/sientetemejor.es\/?p=17\">\n                        <h3 class=\"hts-title\">Siente la vitalidad y energ\u00eda en cada etapa de tu vida<\/h3>\n                    <\/a>\n                                        <p class=\"small\">August 1, 2023 | by sientetemejor.es<\/p>\n                                    <\/div>\n            <\/div>\n                        <div class=\"hts-post \">\n                                <div class=\"hts-image-wrapper\">\n                                        <a href=\"https:\/\/sientetemejor.es\/?p=13\" class=\"hts-featured-post-link\">\n                        <img decoding=\"async\" src=\"https:\/\/images.unsplash.com\/photo-1490754299894-79dd4c779fc2?crop=entropy\" title=\"Photo by Chad Madden\" alt=\"woman standing outdoor during daytime\">                    <\/a>\n                                        <span class=\"hts-unsplash-data\">Photo by <a href=\"https:\/\/unsplash.com\/@chadmadden?utm_source=hostinger&#038;utm_medium=referral\" rel=\"nofollow\">Chad Madden<\/a> on <a href=\"https:\/\/unsplash.com\/?utm_source=hostinger&#038;utm_medium=referral\" rel=\"nofollow\">Unsplash<\/a><\/span>                <\/div>\n                <div class=\"hts-post-details\">\n                    <div class=\"hts-capsules\">\n                                                                                                                        <a href=\"https:\/\/sientetemejor.es\/?cat=1\">\n                            <div>Blog<\/div>\n                        <\/a>\n                                                                                            <\/div>\n                    <a href=\"https:\/\/sientetemejor.es\/?p=13\">\n                        <h3 class=\"hts-title\">10 consejos para sentirte joven y capaz durante mucho m\u00e1s tiempo<\/h3>\n                    <\/a>\n                                        <p class=\"small\">August 1, 2023 | by sientetemejor.es<\/p>\n                                    <\/div>\n            <\/div>\n                        <div class=\"hts-post \">\n                                <div class=\"hts-image-wrapper\">\n                                        <a href=\"https:\/\/sientetemejor.es\/?p=8\" class=\"hts-featured-post-link\">\n                        <img decoding=\"async\" src=\"https:\/\/images.unsplash.com\/photo-1549377817-b7dc30cfa176?crop=entropy\" title=\"Photo by Jonathan Borba\" alt=\"low-angle photography of transmission towers during golden hour\">                    <\/a>\n                                        <span class=\"hts-unsplash-data\">Photo by <a href=\"https:\/\/unsplash.com\/@jonathanborba?utm_source=hostinger&#038;utm_medium=referral\" rel=\"nofollow\">Jonathan Borba<\/a> on <a href=\"https:\/\/unsplash.com\/?utm_source=hostinger&#038;utm_medium=referral\" rel=\"nofollow\">Unsplash<\/a><\/span>                <\/div>\n                <div class=\"hts-post-details\">\n                    <div class=\"hts-capsules\">\n                                                                                                                        <a href=\"https:\/\/sientetemejor.es\/?cat=1\">\n                            <div>Blog<\/div>\n                        <\/a>\n                                                                                            <\/div>\n                    <a href=\"https:\/\/sientetemejor.es\/?p=8\">\n                        <h3 class=\"hts-title\">Los secretos para sentirte joven y capaz durante mucho m\u00e1s tiempo<\/h3>\n                    <\/a>\n                                        <p class=\"small\">August 1, 2023 | by sientetemejor.es<\/p>\n                                    <\/div>\n            <\/div>\n                        <div class=\"hts-post hts-large\">\n                                <div class=\"hts-image-wrapper\">\n                                        <a href=\"https:\/\/sientetemejor.es\/?p=4\" class=\"hts-featured-post-link\">\n                        <img decoding=\"async\" src=\"https:\/\/images.unsplash.com\/photo-1549377817-b7dc30cfa176?crop=entropy\" title=\"Photo by Jonathan Borba\" alt=\"low-angle photography of transmission towers during golden hour\">                    <\/a>\n                                        <span class=\"hts-unsplash-data\">Photo by <a href=\"https:\/\/unsplash.com\/@jonathanborba?utm_source=hostinger&#038;utm_medium=referral\" rel=\"nofollow\">Jonathan Borba<\/a> on <a href=\"https:\/\/unsplash.com\/?utm_source=hostinger&#038;utm_medium=referral\" rel=\"nofollow\">Unsplash<\/a><\/span>                <\/div>\n                <div class=\"hts-post-details\">\n                    <div class=\"hts-capsules\">\n                                                                                                                        <a href=\"https:\/\/sientetemejor.es\/?cat=1\">\n                            <div>Blog<\/div>\n                        <\/a>\n                                                                                            <\/div>\n                    <a href=\"https:\/\/sientetemejor.es\/?p=4\">\n                        <h3 class=\"hts-title\">Siente la vitalidad y la energ\u00eda en todo momento<\/h3>\n                    <\/a>\n                                        <p class=\"small\">August 1, 2023 | by sientetemejor.es<\/p>\n                                    <\/div>\n            <\/div>\n                    <\/div>\n    <\/div>\n<\/section><section class=\"hts-section hts-newsletter\">\n\t<hr class=\"full\">\n\t<div class=\"wrapper\">\n\t<div>\n\t\t<h3 class=\"hts-title\">Newsletter<\/h3>\n\t\t<p>Subscribe to stay up-to-date with my latest creative projects, insights, and tips.<\/p>\n\t<\/div>\n\t<div class=\"hts-newsletter-block\">\n\t\t<form>\n\t\t\t<input type=\"hidden\" id=\"newsletter_nonce\" name=\"newsletter_nonce\" value=\"7dc8c7c998\" \/><input type=\"hidden\" name=\"_wp_http_referer\" value=\"\/index.php?rest_route=%2Fwp%2Fv2%2Fpages%2F24\" \/>\t\t\t<label for=\"hts-newsletter-email\">Email<\/label>\n\t\t\t<input type=\"email\"\n\t\t\t       id=\"hts-newsletter-email\"\n\t\t\t       name=\"newsletter_email\"\n\t\t\t       placeholder=\"What\u2019s your email?\">\n\t\t\t<div class=\"validate-message\"><\/div>\n\t\t\t<div class=\"hts-privacy-agree\">\n\t\t\t\t<label class=\"hts-form-control\">\n\t\t\t\t<input type=\"checkbox\" id=\"privacy-policy-checkbox\" name=\"privacy_policy\" required>\n\t\t\t\t<\/label>\n\t\t\t\t<span>\n\t\t\t\t\tI consent to use of my email address for the purpose of receiving newsletters as described in <a href=\"\" target=\"_blank\">Privacy Policy<\/a>, which I have read. I may withdraw my consent at any time.\t\t\t\t<\/span>\n\t\t\t<\/div>\n\t\t\t<input type=\"submit\" class=\"btn primary\" value=\"Subscribe\"\/>\n\t\t<\/form>\n\t<\/div>\n\t<\/div>\n<\/section>","protected":false},"excerpt":{"rendered":"","protected":false},"author":1,"featured_media":0,"parent":0,"menu_order":0,"comment_status":"closed","ping_status":"closed","template":"","meta":{"om_disable_all_campaigns":false,"_monsterinsights_skip_tracking":false,"_monsterinsights_sitenote_active":false,"_monsterinsights_sitenote_note":"","_monsterinsights_sitenote_category":0},"_links":{"self":[{"href":"https:\/\/sientetemejor.es\/index.php?rest_route=\/wp\/v2\/pages\/24"}],"collection":[{"href":"https:\/\/sientetemejor.es\/index.php?rest_route=\/wp\/v2\/pages"}],"about":[{"href":"https:\/\/sientetemejor.es\/index.php?rest_route=\/wp\/v2\/types\/page"}],"author":[{"embeddable":true,"href":"https:\/\/sientetemejor.es\/index.php?rest_route=\/wp\/v2\/users\/1"}],"replies":[{"embeddable":true,"href":"https:\/\/sientetemejor.es\/index.php?rest_route=%2Fwp%2Fv2%2Fcomments&post=24"}],"version-history":[{"count":0,"href":"https:\/\/sientetemejor.es\/index.php?rest_route=\/wp\/v2\/pages\/24\/revisions"}],"wp:attachment":[{"href":"https:\/\/sientetemejor.es\/index.php?rest_route=%2Fwp%2Fv2%2Fmedia&parent=24"}],"curies":[{"name":"wp","href":"https:\/\/api.w.org\/{rel}","templated":true}]}}